{"id":8,"date":"2022-06-30T17:46:05","date_gmt":"2022-06-30T17:46:05","guid":{"rendered":"https:\/\/www.inbluefilms.com\/?page_id=8"},"modified":"2026-04-02T16:23:56","modified_gmt":"2026-04-02T16:23:56","slug":"documentary-production-company-camera-service-undewater-camera-service","status":"publish","type":"page","link":"https:\/\/www.inbluefilms.com\/","title":{"rendered":"\u00a1Hola!"},"content":{"rendered":"\t\t<div data-elementor-type=\"wp-page\" data-elementor-id=\"8\" class=\"elementor elementor-8\">\n\t\t\t\t\t\t<section class=\"elementor-section elementor-top-section elementor-element elementor-element-50356bbe elementor-section-boxed elementor-section-height-default elementor-section-height-default\" data-id=\"50356bbe\" data-element_type=\"section\">\n\t\t\t\t\t\t<div class=\"elementor-container elementor-column-gap-default\">\n\t\t\t\t\t<div class=\"elementor-column elementor-col-100 elementor-top-column elementor-element elementor-element-1995d4a9\" data-id=\"1995d4a9\" data-element_type=\"column\">\n\t\t\t<div class=\"elementor-widget-wrap elementor-element-populated\">\n\t\t\t\t\t\t<div class=\"elementor-element elementor-element-30eaf3fb elementor-widget elementor-widget-text-editor\" data-id=\"30eaf3fb\" data-element_type=\"widget\" data-widget_type=\"text-editor.default\">\n\t\t\t\t<div class=\"elementor-widget-container\">\n\t\t\t\t\t\t\t\t\t\n<p class=\"has-text-align-center\">\u00a1Pasa a ver lo que hacemos!<\/p>\n\n<div class=\"wp-block-spacer\" style=\"height: 55px;\" aria-hidden=\"true\">\u00a0<\/div>\n\n<div class=\"wp-block-group alignfull has-background\" style=\"background-color: #e5e9ec;\"><div class=\"wp-block-group__inner-container is-layout-flow wp-block-group-is-layout-flow\">\n<div class=\"wp-block-columns is-layout-flex wp-container-core-columns-is-layout-9d6595d7 wp-block-columns-is-layout-flex\">\n<div class=\"wp-block-column is-vertically-aligned-center is-layout-flow wp-block-column-is-layout-flow\">\n<h2 class=\"wp-block-heading\">Sobre nosotros<\/h2>\n\n<p data-start=\"1206\" data-end=\"1334\">Desde la Costa Brava, desarrollamos proyectos audiovisuales donde el agua deja de ser un l\u00edmite para convertirse en escenario.<\/p>\n<p data-start=\"1341\" data-end=\"1541\">Fundada por el realizador y director de fotograf\u00eda Mart\u00edn Gonz\u00e1lez Damonte, la productora nace de la intersecci\u00f3n entre la narrativa cinematogr\u00e1fica y una amplia experiencia en el medio subacu\u00e1tico.<\/p>\n<p data-start=\"1548\" data-end=\"1756\">Trabajamos en cine, televisi\u00f3n y publicidad, abordando cada proyecto con un enfoque integral y una especial atenci\u00f3n a los entornos complejos, donde la t\u00e9cnica y la creatividad deben avanzar al mismo nivel.<\/p>\n<p data-start=\"1763\" data-end=\"1894\">Nuestro trabajo combina exploraci\u00f3n, rigor y una b\u00fasqueda constante de im\u00e1genes que aporten valor y singularidad a cada producci\u00f3n.<\/p>\n<p><a class=\"wp-block-button__link wp-element-button\" href=\"\/\/vimeo.com\/inbluefilms\/martingdamonteshowreel\" target=\"_blank\" rel=\"noreferrer noopener\">Show Reel<\/a><\/p>\n\n<p>\u00a0<\/p>\n<\/div>\n\n<div class=\"wp-block-column is-layout-flow wp-block-column-is-layout-flow\">\n<div class=\"wp-block-spacer\" style=\"height: 48px;\" aria-hidden=\"true\">\u00a0<\/div>\n\n<figure class=\"wp-block-image size-large\"><img fetchpriority=\"high\" decoding=\"async\" width=\"1024\" height=\"851\" class=\"wp-image-48\" src=\"https:\/\/www.inbluefilms.com\/wp-content\/uploads\/2023\/01\/DoP_Martin_GD-1024x851.png\" alt=\"\" srcset=\"https:\/\/www.inbluefilms.com\/wp-content\/uploads\/2023\/01\/DoP_Martin_GD-1024x851.png 1024w, https:\/\/www.inbluefilms.com\/wp-content\/uploads\/2023\/01\/DoP_Martin_GD-300x249.png 300w, https:\/\/www.inbluefilms.com\/wp-content\/uploads\/2023\/01\/DoP_Martin_GD-768x638.png 768w, https:\/\/www.inbluefilms.com\/wp-content\/uploads\/2023\/01\/DoP_Martin_GD-1536x1277.png 1536w, https:\/\/www.inbluefilms.com\/wp-content\/uploads\/2023\/01\/DoP_Martin_GD-2048x1702.png 2048w, https:\/\/www.inbluefilms.com\/wp-content\/uploads\/2023\/01\/DoP_Martin_GD-2000x1662.png 2000w, https:\/\/www.inbluefilms.com\/wp-content\/uploads\/2023\/01\/DoP_Martin_GD-600x499.png 600w\" sizes=\"(max-width: 1024px) 100vw, 1024px\" \/><\/figure>\n<\/div>\n<\/div>\n<\/div><\/div>\n\n<div class=\"wp-block-group alignfull\"><div class=\"wp-block-group__inner-container is-layout-flow wp-block-group-is-layout-flow\">\n<div class=\"wp-block-columns are-vertically-aligned-center is-layout-flex wp-container-core-columns-is-layout-9d6595d7 wp-block-columns-is-layout-flex\">\n<div class=\"wp-block-column is-vertically-aligned-center is-layout-flow wp-block-column-is-layout-flow\">\n<div class=\"wp-block-spacer\" style=\"height: 48px;\" aria-hidden=\"true\">\u00a0<\/div>\n\n<figure class=\"wp-block-gallery has-nested-images columns-default is-cropped wp-block-gallery-3 is-layout-flex wp-block-gallery-is-layout-flex\">\n<figure class=\"wp-block-image size-large\"><img decoding=\"async\" width=\"1024\" height=\"576\" data-id=\"429\" class=\"wp-image-429\" src=\"https:\/\/www.inbluefilms.com\/wp-content\/uploads\/2023\/05\/Varicam_web-1-1024x576.jpeg\" alt=\"\" srcset=\"https:\/\/www.inbluefilms.com\/wp-content\/uploads\/2023\/05\/Varicam_web-1-1024x576.jpeg 1024w, https:\/\/www.inbluefilms.com\/wp-content\/uploads\/2023\/05\/Varicam_web-1-300x169.jpeg 300w, https:\/\/www.inbluefilms.com\/wp-content\/uploads\/2023\/05\/Varicam_web-1-768x432.jpeg 768w, https:\/\/www.inbluefilms.com\/wp-content\/uploads\/2023\/05\/Varicam_web-1-1536x864.jpeg 1536w, https:\/\/www.inbluefilms.com\/wp-content\/uploads\/2023\/05\/Varicam_web-1-2048x1152.jpeg 2048w, https:\/\/www.inbluefilms.com\/wp-content\/uploads\/2023\/05\/Varicam_web-1-2000x1125.jpeg 2000w, https:\/\/www.inbluefilms.com\/wp-content\/uploads\/2023\/05\/Varicam_web-1-600x338.jpeg 600w\" sizes=\"(max-width: 1024px) 100vw, 1024px\" \/><\/figure>\n<\/figure>\n<\/div>\n\n<div class=\"wp-block-column is-vertically-aligned-center is-layout-flow wp-block-column-is-layout-flow\">\n<h2 class=\"wp-block-heading\">Nuestros Servicios<\/h2>\n\n<p data-start=\"549\" data-end=\"646\">Cubrimos todo el proceso de producci\u00f3n, desde la concepci\u00f3n creativa hasta la proyecci\u00f3n final.<\/p>\n<p data-start=\"653\" data-end=\"791\">Configuramos cada equipo a medida, optimizando recursos para asegurar la viabilidad del proyecto sin comprometer la calidad del resultado.<\/p>\n\n<div class=\"wp-block-buttons is-layout-flex wp-block-buttons-is-layout-flex\">\n<div class=\"wp-block-button is-style-outline is-style-outline--4\"><a class=\"wp-block-button__link wp-element-button\" href=\"https:\/\/www.inbluefilms.com\/?page_id=54\">Servicios<\/a><\/div>\n<\/div>\n<\/div>\n<\/div>\n\n<ul class=\"wp-block-social-links is-content-justification-center is-layout-flex wp-container-core-social-links-is-layout-16018d1d wp-block-social-links-is-layout-flex\"><li class=\"wp-social-link wp-social-link-instagram  wp-block-social-link\"><a href=\"https:\/\/www.instagram.com\/inbluefilms\/\" class=\"wp-block-social-link-anchor\"><svg width=\"24\" height=\"24\" viewBox=\"0 0 24 24\" version=\"1.1\" xmlns=\"http:\/\/www.w3.org\/2000\/svg\" aria-hidden=\"true\" focusable=\"false\"><path d=\"M12,4.622c2.403,0,2.688,0.009,3.637,0.052c0.877,0.04,1.354,0.187,1.671,0.31c0.42,0.163,0.72,0.358,1.035,0.673 c0.315,0.315,0.51,0.615,0.673,1.035c0.123,0.317,0.27,0.794,0.31,1.671c0.043,0.949,0.052,1.234,0.052,3.637 s-0.009,2.688-0.052,3.637c-0.04,0.877-0.187,1.354-0.31,1.671c-0.163,0.42-0.358,0.72-0.673,1.035 c-0.315,0.315-0.615,0.51-1.035,0.673c-0.317,0.123-0.794,0.27-1.671,0.31c-0.949,0.043-1.233,0.052-3.637,0.052 s-2.688-0.009-3.637-0.052c-0.877-0.04-1.354-0.187-1.671-0.31c-0.42-0.163-0.72-0.358-1.035-0.673 c-0.315-0.315-0.51-0.615-0.673-1.035c-0.123-0.317-0.27-0.794-0.31-1.671C4.631,14.688,4.622,14.403,4.622,12 s0.009-2.688,0.052-3.637c0.04-0.877,0.187-1.354,0.31-1.671c0.163-0.42,0.358-0.72,0.673-1.035 c0.315-0.315,0.615-0.51,1.035-0.673c0.317-0.123,0.794-0.27,1.671-0.31C9.312,4.631,9.597,4.622,12,4.622 M12,3 C9.556,3,9.249,3.01,8.289,3.054C7.331,3.098,6.677,3.25,6.105,3.472C5.513,3.702,5.011,4.01,4.511,4.511 c-0.5,0.5-0.808,1.002-1.038,1.594C3.25,6.677,3.098,7.331,3.054,8.289C3.01,9.249,3,9.556,3,12c0,2.444,0.01,2.751,0.054,3.711 c0.044,0.958,0.196,1.612,0.418,2.185c0.23,0.592,0.538,1.094,1.038,1.594c0.5,0.5,1.002,0.808,1.594,1.038 c0.572,0.222,1.227,0.375,2.185,0.418C9.249,20.99,9.556,21,12,21s2.751-0.01,3.711-0.054c0.958-0.044,1.612-0.196,2.185-0.418 c0.592-0.23,1.094-0.538,1.594-1.038c0.5-0.5,0.808-1.002,1.038-1.594c0.222-0.572,0.375-1.227,0.418-2.185 C20.99,14.751,21,14.444,21,12s-0.01-2.751-0.054-3.711c-0.044-0.958-0.196-1.612-0.418-2.185c-0.23-0.592-0.538-1.094-1.038-1.594 c-0.5-0.5-1.002-0.808-1.594-1.038c-0.572-0.222-1.227-0.375-2.185-0.418C14.751,3.01,14.444,3,12,3L12,3z M12,7.378 c-2.552,0-4.622,2.069-4.622,4.622S9.448,16.622,12,16.622s4.622-2.069,4.622-4.622S14.552,7.378,12,7.378z M12,15 c-1.657,0-3-1.343-3-3s1.343-3,3-3s3,1.343,3,3S13.657,15,12,15z M16.804,6.116c-0.596,0-1.08,0.484-1.08,1.08 s0.484,1.08,1.08,1.08c0.596,0,1.08-0.484,1.08-1.08S17.401,6.116,16.804,6.116z\"><\/path><\/svg><span class=\"wp-block-social-link-label screen-reader-text\">Instagram<\/span><\/a><\/li><li class=\"wp-social-link wp-social-link-facebook  wp-block-social-link\"><a href=\"https:\/\/www.facebook.com\/inbluefilms\" class=\"wp-block-social-link-anchor\"><svg width=\"24\" height=\"24\" viewBox=\"0 0 24 24\" version=\"1.1\" xmlns=\"http:\/\/www.w3.org\/2000\/svg\" aria-hidden=\"true\" focusable=\"false\"><path d=\"M12 2C6.5 2 2 6.5 2 12c0 5 3.7 9.1 8.4 9.9v-7H7.9V12h2.5V9.8c0-2.5 1.5-3.9 3.8-3.9 1.1 0 2.2.2 2.2.2v2.5h-1.3c-1.2 0-1.6.8-1.6 1.6V12h2.8l-.4 2.9h-2.3v7C18.3 21.1 22 17 22 12c0-5.5-4.5-10-10-10z\"><\/path><\/svg><span class=\"wp-block-social-link-label screen-reader-text\">Facebook<\/span><\/a><\/li><li class=\"wp-social-link wp-social-link-vimeo  wp-block-social-link\"><a href=\"https:\/\/vimeo.com\/inbluefilms\" class=\"wp-block-social-link-anchor\"><svg width=\"24\" height=\"24\" viewBox=\"0 0 24 24\" version=\"1.1\" xmlns=\"http:\/\/www.w3.org\/2000\/svg\" aria-hidden=\"true\" focusable=\"false\"><path d=\"M22.396,7.164c-0.093,2.026-1.507,4.799-4.245,8.32C15.322,19.161,12.928,21,10.97,21c-1.214,0-2.24-1.119-3.079-3.359 c-0.56-2.053-1.119-4.106-1.68-6.159C5.588,9.243,4.921,8.122,4.206,8.122c-0.156,0-0.701,0.328-1.634,0.98L1.594,7.841 c1.027-0.902,2.04-1.805,3.037-2.708C6.001,3.95,7.03,3.327,7.715,3.264c1.619-0.156,2.616,0.951,2.99,3.321 c0.404,2.557,0.685,4.147,0.841,4.769c0.467,2.121,0.981,3.181,1.542,3.181c0.435,0,1.09-0.688,1.963-2.065 c0.871-1.376,1.338-2.422,1.401-3.142c0.125-1.187-0.343-1.782-1.401-1.782c-0.498,0-1.012,0.115-1.541,0.341 c1.023-3.35,2.977-4.977,5.862-4.884C21.511,3.066,22.52,4.453,22.396,7.164z\"><\/path><\/svg><span class=\"wp-block-social-link-label screen-reader-text\">Vimeo<\/span><\/a><\/li><li class=\"wp-social-link wp-social-link-youtube  wp-block-social-link\"><a href=\"https:\/\/www.youtube.com\/channel\/UCWd1rKjjQ8K8qvoMeqPbOVQ\" class=\"wp-block-social-link-anchor\"><svg width=\"24\" height=\"24\" viewBox=\"0 0 24 24\" version=\"1.1\" xmlns=\"http:\/\/www.w3.org\/2000\/svg\" aria-hidden=\"true\" focusable=\"false\"><path d=\"M21.8,8.001c0,0-0.195-1.378-0.795-1.985c-0.76-0.797-1.613-0.801-2.004-0.847c-2.799-0.202-6.997-0.202-6.997-0.202 h-0.009c0,0-4.198,0-6.997,0.202C4.608,5.216,3.756,5.22,2.995,6.016C2.395,6.623,2.2,8.001,2.2,8.001S2,9.62,2,11.238v1.517 c0,1.618,0.2,3.237,0.2,3.237s0.195,1.378,0.795,1.985c0.761,0.797,1.76,0.771,2.205,0.855c1.6,0.153,6.8,0.201,6.8,0.201 s4.203-0.006,7.001-0.209c0.391-0.047,1.243-0.051,2.004-0.847c0.6-0.607,0.795-1.985,0.795-1.985s0.2-1.618,0.2-3.237v-1.517 C22,9.62,21.8,8.001,21.8,8.001z M9.935,14.594l-0.001-5.62l5.404,2.82L9.935,14.594z\"><\/path><\/svg><span class=\"wp-block-social-link-label screen-reader-text\">YouTube<\/span><\/a><\/li><\/ul>\n<\/div><\/div>\n\t\t\t\t\t\t\t\t<\/div>\n\t\t\t\t<\/div>\n\t\t\t\t\t<\/div>\n\t\t<\/div>\n\t\t\t\t\t<\/div>\n\t\t<\/section>\n\t\t\t\t<\/div>\n\t\t","protected":false},"excerpt":{"rendered":"<p>\u00a1Pasa a ver lo que hacemos! Sobre nosotros Desde la Costa Brava, desarrollamos proyectos audiovisuales donde el agua deja de ser un l\u00edmite para convertirse en escenario. Fundada por el realizador y director de fotograf\u00eda Mart\u00edn Gonz\u00e1lez Damonte, la productora nace de la intersecci\u00f3n entre la narrativa cinematogr\u00e1fica y una amplia experiencia en el medio &hellip; <\/p>\n<p class=\"link-more\"><a href=\"https:\/\/www.inbluefilms.com\/\" class=\"more-link\">Leer m\u00e1s<span class=\"screen-reader-text\"> \u00ab\u00a1Hola!\u00bb<\/span><\/a><\/p>\n","protected":false},"author":1,"featured_media":0,"parent":0,"menu_order":0,"comment_status":"closed","ping_status":"closed","template":"","meta":{"footnotes":""},"class_list":["post-8","page","type-page","status-publish","hentry"],"featured_media_urls":[],"_links":{"self":[{"href":"https:\/\/www.inbluefilms.com\/index.php?rest_route=\/wp\/v2\/pages\/8","targetHints":{"allow":["GET"]}}],"collection":[{"href":"https:\/\/www.inbluefilms.com\/index.php?rest_route=\/wp\/v2\/pages"}],"about":[{"href":"https:\/\/www.inbluefilms.com\/index.php?rest_route=\/wp\/v2\/types\/page"}],"author":[{"embeddable":true,"href":"https:\/\/www.inbluefilms.com\/index.php?rest_route=\/wp\/v2\/users\/1"}],"replies":[{"embeddable":true,"href":"https:\/\/www.inbluefilms.com\/index.php?rest_route=%2Fwp%2Fv2%2Fcomments&post=8"}],"version-history":[{"count":41,"href":"https:\/\/www.inbluefilms.com\/index.php?rest_route=\/wp\/v2\/pages\/8\/revisions"}],"predecessor-version":[{"id":510,"href":"https:\/\/www.inbluefilms.com\/index.php?rest_route=\/wp\/v2\/pages\/8\/revisions\/510"}],"wp:attachment":[{"href":"https:\/\/www.inbluefilms.com\/index.php?rest_route=%2Fwp%2Fv2%2Fmedia&parent=8"}],"curies":[{"name":"wp","href":"https:\/\/api.w.org\/{rel}","templated":true}]}}