{"id":54,"date":"2023-01-13T16:58:20","date_gmt":"2023-01-13T16:58:20","guid":{"rendered":"https:\/\/www.inbluefilms.com\/?page_id=54"},"modified":"2026-04-02T10:06:59","modified_gmt":"2026-04-02T10:06:59","slug":"services","status":"publish","type":"page","link":"https:\/\/www.inbluefilms.com\/?page_id=54","title":{"rendered":"Servicios"},"content":{"rendered":"\t\t<div data-elementor-type=\"wp-page\" data-elementor-id=\"54\" class=\"elementor elementor-54\">\n\t\t\t\t\t\t<section class=\"elementor-section elementor-top-section elementor-element elementor-element-3874f860 elementor-section-content-middle elementor-reverse-mobile elementor-section-boxed elementor-section-height-default elementor-section-height-default\" data-id=\"3874f860\" data-element_type=\"section\">\n\t\t\t\t\t\t<div class=\"elementor-container elementor-column-gap-default\">\n\t\t\t\t\t<div class=\"elementor-column elementor-col-50 elementor-top-column elementor-element elementor-element-4ce26c76\" data-id=\"4ce26c76\" data-element_type=\"column\">\n\t\t\t<div class=\"elementor-widget-wrap elementor-element-populated\">\n\t\t\t\t\t\t<div class=\"elementor-element elementor-element-40728e7e elementor-widget elementor-widget-heading\" data-id=\"40728e7e\" data-element_type=\"widget\" data-widget_type=\"heading.default\">\n\t\t\t\t<div class=\"elementor-widget-container\">\n\t\t\t\t\t<h2 class=\"elementor-heading-title elementor-size-default\">PRODUCCI\u00d3N &amp; SERVICE\n<\/h2>\t\t\t\t<\/div>\n\t\t\t\t<\/div>\n\t\t\t\t<div class=\"elementor-element elementor-element-49ddbba9 elementor-widget elementor-widget-text-editor\" data-id=\"49ddbba9\" data-element_type=\"widget\" data-widget_type=\"text-editor.default\">\n\t\t\t\t<div class=\"elementor-widget-container\">\n\t\t\t\t\t\t\t\t\t<p data-start=\"255\" data-end=\"402\">Desarrollamos proyectos audiovisuales de principio a fin, desde grandes producciones cinematogr\u00e1ficas hasta contenidos para web y redes sociales.<\/p><p data-start=\"409\" data-end=\"617\">Acompa\u00f1amos cada proyecto en todas sus fases \u2014concepto, guion, rodaje y distribuci\u00f3n\u2014 aportando una mirada especializada y un alto nivel t\u00e9cnico, especialmente en entornos complejos como el medio subacu\u00e1tico.<\/p>\t\t\t\t\t\t\t\t<\/div>\n\t\t\t\t<\/div>\n\t\t\t\t\t<\/div>\n\t\t<\/div>\n\t\t\t\t<div class=\"elementor-column elementor-col-50 elementor-top-column elementor-element elementor-element-3af2d20c\" data-id=\"3af2d20c\" data-element_type=\"column\">\n\t\t\t<div class=\"elementor-widget-wrap elementor-element-populated\">\n\t\t\t\t\t\t<div class=\"elementor-element elementor-element-313e3c76 elementor-widget elementor-widget-image\" data-id=\"313e3c76\" data-element_type=\"widget\" data-widget_type=\"image.default\">\n\t\t\t\t<div class=\"elementor-widget-container\">\n\t\t\t\t\t\t\t\t\t\t\t\t\t\t\t<img fetchpriority=\"high\" decoding=\"async\" width=\"950\" height=\"634\" src=\"https:\/\/www.inbluefilms.com\/wp-content\/uploads\/2023\/01\/Alexas-1024x683.jpeg\" class=\"attachment-large size-large wp-image-163\" alt=\"\" srcset=\"https:\/\/www.inbluefilms.com\/wp-content\/uploads\/2023\/01\/Alexas-1024x683.jpeg 1024w, https:\/\/www.inbluefilms.com\/wp-content\/uploads\/2023\/01\/Alexas-300x200.jpeg 300w, https:\/\/www.inbluefilms.com\/wp-content\/uploads\/2023\/01\/Alexas-768x512.jpeg 768w, https:\/\/www.inbluefilms.com\/wp-content\/uploads\/2023\/01\/Alexas-1536x1024.jpeg 1536w, https:\/\/www.inbluefilms.com\/wp-content\/uploads\/2023\/01\/Alexas-2048x1366.jpeg 2048w, https:\/\/www.inbluefilms.com\/wp-content\/uploads\/2023\/01\/Alexas-2000x1334.jpeg 2000w, https:\/\/www.inbluefilms.com\/wp-content\/uploads\/2023\/01\/Alexas-600x400.jpeg 600w\" sizes=\"100vw\" \/>\t\t\t\t\t\t\t\t\t\t\t\t\t\t\t<\/div>\n\t\t\t\t<\/div>\n\t\t\t\t\t<\/div>\n\t\t<\/div>\n\t\t\t\t\t<\/div>\n\t\t<\/section>\n\t\t\t\t<section class=\"elementor-section elementor-top-section elementor-element elementor-element-68d66a3c elementor-section-content-middle elementor-section-boxed elementor-section-height-default elementor-section-height-default\" data-id=\"68d66a3c\" data-element_type=\"section\">\n\t\t\t\t\t\t<div class=\"elementor-container elementor-column-gap-default\">\n\t\t\t\t\t<div class=\"elementor-column elementor-col-50 elementor-top-column elementor-element elementor-element-416874e8\" data-id=\"416874e8\" data-element_type=\"column\">\n\t\t\t<div class=\"elementor-widget-wrap elementor-element-populated\">\n\t\t\t\t\t\t<div class=\"elementor-element elementor-element-37c1cffd elementor-widget elementor-widget-image\" data-id=\"37c1cffd\" data-element_type=\"widget\" data-widget_type=\"image.default\">\n\t\t\t\t<div class=\"elementor-widget-container\">\n\t\t\t\t\t\t\t\t\t\t\t\t\t\t\t<img decoding=\"async\" width=\"950\" height=\"534\" src=\"https:\/\/www.inbluefilms.com\/wp-content\/uploads\/2023\/01\/Formigues_360_BTS_Warm_retok-1024x576.jpeg\" class=\"attachment-large size-large wp-image-146\" alt=\"\" srcset=\"https:\/\/www.inbluefilms.com\/wp-content\/uploads\/2023\/01\/Formigues_360_BTS_Warm_retok-1024x576.jpeg 1024w, https:\/\/www.inbluefilms.com\/wp-content\/uploads\/2023\/01\/Formigues_360_BTS_Warm_retok-300x169.jpeg 300w, https:\/\/www.inbluefilms.com\/wp-content\/uploads\/2023\/01\/Formigues_360_BTS_Warm_retok-768x432.jpeg 768w, https:\/\/www.inbluefilms.com\/wp-content\/uploads\/2023\/01\/Formigues_360_BTS_Warm_retok-1536x864.jpeg 1536w, https:\/\/www.inbluefilms.com\/wp-content\/uploads\/2023\/01\/Formigues_360_BTS_Warm_retok-600x338.jpeg 600w, https:\/\/www.inbluefilms.com\/wp-content\/uploads\/2023\/01\/Formigues_360_BTS_Warm_retok.jpeg 1632w\" sizes=\"100vw\" \/>\t\t\t\t\t\t\t\t\t\t\t\t\t\t\t<\/div>\n\t\t\t\t<\/div>\n\t\t\t\t\t<\/div>\n\t\t<\/div>\n\t\t\t\t<div class=\"elementor-column elementor-col-50 elementor-top-column elementor-element elementor-element-71ab1013\" data-id=\"71ab1013\" data-element_type=\"column\">\n\t\t\t<div class=\"elementor-widget-wrap elementor-element-populated\">\n\t\t\t\t\t\t<div class=\"elementor-element elementor-element-5635a69a elementor-widget elementor-widget-heading\" data-id=\"5635a69a\" data-element_type=\"widget\" data-widget_type=\"heading.default\">\n\t\t\t\t<div class=\"elementor-widget-container\">\n\t\t\t\t\t<h2 class=\"elementor-heading-title elementor-size-default\">IMAGEN SUBACU\u00c1TICA<\/h2>\t\t\t\t<\/div>\n\t\t\t\t<\/div>\n\t\t\t\t<div class=\"elementor-element elementor-element-4fb86d29 elementor-widget elementor-widget-text-editor\" data-id=\"4fb86d29\" data-element_type=\"widget\" data-widget_type=\"text-editor.default\">\n\t\t\t\t<div class=\"elementor-widget-container\">\n\t\t\t\t\t\t\t\t\t<p data-start=\"476\" data-end=\"518\">Especialistas en producci\u00f3n subacu\u00e1tica.<\/p><p data-start=\"525\" data-end=\"711\">Abordamos cada proyecto con un enfoque integral, combinando experiencia, t\u00e9cnica y planificaci\u00f3n para garantizar rodajes seguros y resultados a la altura de las exigencias de producci\u00f3n.<\/p><p>\u00a0<\/p>\t\t\t\t\t\t\t\t<\/div>\n\t\t\t\t<\/div>\n\t\t\t\t\t<\/div>\n\t\t<\/div>\n\t\t\t\t\t<\/div>\n\t\t<\/section>\n\t\t\t\t<section class=\"elementor-section elementor-top-section elementor-element elementor-element-7038c022 elementor-section-content-middle elementor-reverse-mobile elementor-section-boxed elementor-section-height-default elementor-section-height-default\" data-id=\"7038c022\" data-element_type=\"section\">\n\t\t\t\t\t\t<div class=\"elementor-container elementor-column-gap-default\">\n\t\t\t\t\t<div class=\"elementor-column elementor-col-50 elementor-top-column elementor-element elementor-element-2f9549a6\" data-id=\"2f9549a6\" data-element_type=\"column\">\n\t\t\t<div class=\"elementor-widget-wrap elementor-element-populated\">\n\t\t\t\t\t\t<div class=\"elementor-element elementor-element-7e402199 elementor-widget elementor-widget-heading\" data-id=\"7e402199\" data-element_type=\"widget\" data-widget_type=\"heading.default\">\n\t\t\t\t<div class=\"elementor-widget-container\">\n\t\t\t\t\t<h2 class=\"elementor-heading-title elementor-size-default\">LIVE STREAMING<\/h2>\t\t\t\t<\/div>\n\t\t\t\t<\/div>\n\t\t\t\t<div class=\"elementor-element elementor-element-5a679725 elementor-widget elementor-widget-text-editor\" data-id=\"5a679725\" data-element_type=\"widget\" data-widget_type=\"text-editor.default\">\n\t\t\t\t<div class=\"elementor-widget-container\">\n\t\t\t\t\t\t\t\t\t<p data-start=\"238\" data-end=\"399\">Realizamos y retransmitimos eventos en streaming con calidad profesional, garantizando una emisi\u00f3n estable y accesible para tu audiencia desde cualquier lugar.<\/p><p data-start=\"406\" data-end=\"530\">Nos encargamos de todo el proceso t\u00e9cnico para que tu evento llegue con la m\u00e1xima calidad a cualquier dispositivo conectado.<\/p>\t\t\t\t\t\t\t\t<\/div>\n\t\t\t\t<\/div>\n\t\t\t\t\t<\/div>\n\t\t<\/div>\n\t\t\t\t<div class=\"elementor-column elementor-col-50 elementor-top-column elementor-element elementor-element-5998c17a\" data-id=\"5998c17a\" data-element_type=\"column\">\n\t\t\t<div class=\"elementor-widget-wrap elementor-element-populated\">\n\t\t\t\t\t\t<div class=\"elementor-element elementor-element-4d9def6 elementor-widget elementor-widget-image\" data-id=\"4d9def6\" data-element_type=\"widget\" data-widget_type=\"image.default\">\n\t\t\t\t<div class=\"elementor-widget-container\">\n\t\t\t\t\t\t\t\t\t\t\t\t\t\t\t<img decoding=\"async\" width=\"950\" height=\"615\" src=\"https:\/\/www.inbluefilms.com\/wp-content\/uploads\/2023\/01\/Streaming1-scaled-e1674575132483-1024x663.jpeg\" class=\"attachment-large size-large wp-image-345\" alt=\"\" srcset=\"https:\/\/www.inbluefilms.com\/wp-content\/uploads\/2023\/01\/Streaming1-scaled-e1674575132483-1024x663.jpeg 1024w, https:\/\/www.inbluefilms.com\/wp-content\/uploads\/2023\/01\/Streaming1-scaled-e1674575132483-300x194.jpeg 300w, https:\/\/www.inbluefilms.com\/wp-content\/uploads\/2023\/01\/Streaming1-scaled-e1674575132483-768x497.jpeg 768w, https:\/\/www.inbluefilms.com\/wp-content\/uploads\/2023\/01\/Streaming1-scaled-e1674575132483-1536x994.jpeg 1536w, https:\/\/www.inbluefilms.com\/wp-content\/uploads\/2023\/01\/Streaming1-scaled-e1674575132483-2048x1326.jpeg 2048w, https:\/\/www.inbluefilms.com\/wp-content\/uploads\/2023\/01\/Streaming1-scaled-e1674575132483-2000x1295.jpeg 2000w, https:\/\/www.inbluefilms.com\/wp-content\/uploads\/2023\/01\/Streaming1-scaled-e1674575132483-600x388.jpeg 600w\" sizes=\"100vw\" \/>\t\t\t\t\t\t\t\t\t\t\t\t\t\t\t<\/div>\n\t\t\t\t<\/div>\n\t\t\t\t\t<\/div>\n\t\t<\/div>\n\t\t\t\t\t<\/div>\n\t\t<\/section>\n\t\t\t\t<section class=\"elementor-section elementor-top-section elementor-element elementor-element-1a1eb840 elementor-section-content-middle elementor-section-boxed elementor-section-height-default elementor-section-height-default\" data-id=\"1a1eb840\" data-element_type=\"section\">\n\t\t\t\t\t\t<div class=\"elementor-container elementor-column-gap-default\">\n\t\t\t\t\t<div class=\"elementor-column elementor-col-50 elementor-top-column elementor-element elementor-element-1ecf988c\" data-id=\"1ecf988c\" data-element_type=\"column\">\n\t\t\t<div class=\"elementor-widget-wrap elementor-element-populated\">\n\t\t\t\t\t\t<div class=\"elementor-element elementor-element-161efdad elementor-widget elementor-widget-image\" data-id=\"161efdad\" data-element_type=\"widget\" data-widget_type=\"image.default\">\n\t\t\t\t<div class=\"elementor-widget-container\">\n\t\t\t\t\t\t\t\t\t\t\t\t\t\t\t<img loading=\"lazy\" decoding=\"async\" width=\"950\" height=\"713\" src=\"https:\/\/www.inbluefilms.com\/wp-content\/uploads\/2023\/05\/VR_ArqueoSub-1024x768.jpg\" class=\"attachment-large size-large wp-image-432\" alt=\"\" srcset=\"https:\/\/www.inbluefilms.com\/wp-content\/uploads\/2023\/05\/VR_ArqueoSub-1024x768.jpg 1024w, https:\/\/www.inbluefilms.com\/wp-content\/uploads\/2023\/05\/VR_ArqueoSub-300x225.jpg 300w, https:\/\/www.inbluefilms.com\/wp-content\/uploads\/2023\/05\/VR_ArqueoSub-768x576.jpg 768w, https:\/\/www.inbluefilms.com\/wp-content\/uploads\/2023\/05\/VR_ArqueoSub-1536x1152.jpg 1536w, https:\/\/www.inbluefilms.com\/wp-content\/uploads\/2023\/05\/VR_ArqueoSub-2048x1536.jpg 2048w, https:\/\/www.inbluefilms.com\/wp-content\/uploads\/2023\/05\/VR_ArqueoSub-2000x1500.jpg 2000w, https:\/\/www.inbluefilms.com\/wp-content\/uploads\/2023\/05\/VR_ArqueoSub-600x450.jpg 600w\" sizes=\"100vw\" \/>\t\t\t\t\t\t\t\t\t\t\t\t\t\t\t<\/div>\n\t\t\t\t<\/div>\n\t\t\t\t\t<\/div>\n\t\t<\/div>\n\t\t\t\t<div class=\"elementor-column elementor-col-50 elementor-top-column elementor-element elementor-element-7558dc93\" data-id=\"7558dc93\" data-element_type=\"column\">\n\t\t\t<div class=\"elementor-widget-wrap elementor-element-populated\">\n\t\t\t\t\t\t<div class=\"elementor-element elementor-element-528bbd5e elementor-widget elementor-widget-heading\" data-id=\"528bbd5e\" data-element_type=\"widget\" data-widget_type=\"heading.default\">\n\t\t\t\t<div class=\"elementor-widget-container\">\n\t\t\t\t\t<h2 class=\"elementor-heading-title elementor-size-default\">VR &amp; 360 \n<\/h2>\t\t\t\t<\/div>\n\t\t\t\t<\/div>\n\t\t\t\t<div class=\"elementor-element elementor-element-7148c341 elementor-widget elementor-widget-text-editor\" data-id=\"7148c341\" data-element_type=\"widget\" data-widget_type=\"text-editor.default\">\n\t\t\t\t<div class=\"elementor-widget-container\">\n\t\t\t\t\t\t\t\t\t<p data-start=\"212\" data-end=\"370\">Desarrollamos experiencias de Realidad Virtual (VR) a partir de im\u00e1genes reales en 360\u00ba \u2014fotograf\u00eda y v\u00eddeo\u2014 o mediante la creaci\u00f3n de entornos 3D a medida.<\/p><p data-start=\"377\" data-end=\"535\">Dise\u00f1amos aplicaciones inmersivas adaptadas a todo tipo de dispositivos, combinando creatividad, narrativa y tecnolog\u00eda para generar experiencias impactantes.<\/p>\t\t\t\t\t\t\t\t<\/div>\n\t\t\t\t<\/div>\n\t\t\t\t\t<\/div>\n\t\t<\/div>\n\t\t\t\t\t<\/div>\n\t\t<\/section>\n\t\t\t\t<\/div>\n\t\t","protected":false},"excerpt":{"rendered":"<p>PRODUCCI\u00d3N &amp; SERVICE Desarrollamos proyectos audiovisuales de principio a fin, desde grandes producciones cinematogr\u00e1ficas hasta contenidos para web y redes sociales. Acompa\u00f1amos cada proyecto en todas sus fases \u2014concepto, guion, rodaje y distribuci\u00f3n\u2014 aportando una mirada especializada y un alto nivel t\u00e9cnico, especialmente en entornos complejos como el medio subacu\u00e1tico. IMAGEN SUBACU\u00c1TICA Especialistas en producci\u00f3n &hellip; <\/p>\n<p class=\"link-more\"><a href=\"https:\/\/www.inbluefilms.com\/?page_id=54\" class=\"more-link\">Leer m\u00e1s<span class=\"screen-reader-text\"> \u00abServicios\u00bb<\/span><\/a><\/p>\n","protected":false},"author":1,"featured_media":157,"parent":0,"menu_order":0,"comment_status":"closed","ping_status":"closed","template":"","meta":{"footnotes":""},"class_list":["post-54","page","type-page","status-publish","has-post-thumbnail","hentry"],"featured_media_urls":{"thumbnail":["https:\/\/www.inbluefilms.com\/wp-content\/uploads\/2023\/01\/Rodaje_multicam-150x150.jpeg",150,150,true],"medium":["https:\/\/www.inbluefilms.com\/wp-content\/uploads\/2023\/01\/Rodaje_multicam-300x149.jpeg",300,149,true],"medium_large":["https:\/\/www.inbluefilms.com\/wp-content\/uploads\/2023\/01\/Rodaje_multicam-768x380.jpeg",768,380,true],"large":["https:\/\/www.inbluefilms.com\/wp-content\/uploads\/2023\/01\/Rodaje_multicam-1024x507.jpeg",950,470,true],"1536x1536":["https:\/\/www.inbluefilms.com\/wp-content\/uploads\/2023\/01\/Rodaje_multicam-1536x760.jpeg",1536,760,true],"2048x2048":["https:\/\/www.inbluefilms.com\/wp-content\/uploads\/2023\/01\/Rodaje_multicam-2048x1014.jpeg",2048,1014,true],"inspiro-featured-image":["https:\/\/www.inbluefilms.com\/wp-content\/uploads\/2023\/01\/Rodaje_multicam-2000x990.jpeg",2000,990,true],"inspiro-loop":["https:\/\/www.inbluefilms.com\/wp-content\/uploads\/2023\/01\/Rodaje_multicam-950x320.jpeg",950,320,true],"inspiro-loop@2x":["https:\/\/www.inbluefilms.com\/wp-content\/uploads\/2023\/01\/Rodaje_multicam-1900x640.jpeg",1900,640,true],"portfolio_item-thumbnail":["https:\/\/www.inbluefilms.com\/wp-content\/uploads\/2023\/01\/Rodaje_multicam-600x400.jpeg",600,400,true],"portfolio_item-thumbnail@2x":["https:\/\/www.inbluefilms.com\/wp-content\/uploads\/2023\/01\/Rodaje_multicam-scaled.jpeg",1200,594,false],"portfolio_item-masonry":["https:\/\/www.inbluefilms.com\/wp-content\/uploads\/2023\/01\/Rodaje_multicam-600x297.jpeg",600,297,true],"portfolio_item-masonry@2x":["https:\/\/www.inbluefilms.com\/wp-content\/uploads\/2023\/01\/Rodaje_multicam-scaled.jpeg",1200,594,false],"portfolio_item-thumbnail_cinema":["https:\/\/www.inbluefilms.com\/wp-content\/uploads\/2023\/01\/Rodaje_multicam-800x335.jpeg",800,335,true],"portfolio_item-thumbnail_portrait":["https:\/\/www.inbluefilms.com\/wp-content\/uploads\/2023\/01\/Rodaje_multicam-600x900.jpeg",600,900,true],"portfolio_item-thumbnail_portrait@2x":["https:\/\/www.inbluefilms.com\/wp-content\/uploads\/2023\/01\/Rodaje_multicam-scaled.jpeg",1200,594,false],"portfolio_item-thumbnail_square":["https:\/\/www.inbluefilms.com\/wp-content\/uploads\/2023\/01\/Rodaje_multicam-800x800.jpeg",800,800,true]},"_links":{"self":[{"href":"https:\/\/www.inbluefilms.com\/index.php?rest_route=\/wp\/v2\/pages\/54","targetHints":{"allow":["GET"]}}],"collection":[{"href":"https:\/\/www.inbluefilms.com\/index.php?rest_route=\/wp\/v2\/pages"}],"about":[{"href":"https:\/\/www.inbluefilms.com\/index.php?rest_route=\/wp\/v2\/types\/page"}],"author":[{"embeddable":true,"href":"https:\/\/www.inbluefilms.com\/index.php?rest_route=\/wp\/v2\/users\/1"}],"replies":[{"embeddable":true,"href":"https:\/\/www.inbluefilms.com\/index.php?rest_route=%2Fwp%2Fv2%2Fcomments&post=54"}],"version-history":[{"count":74,"href":"https:\/\/www.inbluefilms.com\/index.php?rest_route=\/wp\/v2\/pages\/54\/revisions"}],"predecessor-version":[{"id":503,"href":"https:\/\/www.inbluefilms.com\/index.php?rest_route=\/wp\/v2\/pages\/54\/revisions\/503"}],"wp:featuredmedia":[{"embeddable":true,"href":"https:\/\/www.inbluefilms.com\/index.php?rest_route=\/wp\/v2\/media\/157"}],"wp:attachment":[{"href":"https:\/\/www.inbluefilms.com\/index.php?rest_route=%2Fwp%2Fv2%2Fmedia&parent=54"}],"curies":[{"name":"wp","href":"https:\/\/api.w.org\/{rel}","templated":true}]}}