{"id":21,"date":"2023-01-13T17:23:19","date_gmt":"2023-01-13T17:23:19","guid":{"rendered":"https:\/\/www.inbluefilms.com\/?page_id=21"},"modified":"2026-04-02T09:36:27","modified_gmt":"2026-04-02T09:36:27","slug":"underwater-camera-service","status":"publish","type":"page","link":"https:\/\/www.inbluefilms.com\/?page_id=21","title":{"rendered":"Imagen Subacu\u00e1tica"},"content":{"rendered":"\t\t<div data-elementor-type=\"wp-page\" data-elementor-id=\"21\" class=\"elementor elementor-21\">\n\t\t\t\t\t\t<section class=\"elementor-section elementor-top-section elementor-element elementor-element-7d4f7d45 elementor-section-boxed elementor-section-height-default elementor-section-height-default\" data-id=\"7d4f7d45\" data-element_type=\"section\">\n\t\t\t\t\t\t<div class=\"elementor-container elementor-column-gap-default\">\n\t\t\t\t\t<div class=\"elementor-column elementor-col-100 elementor-top-column elementor-element elementor-element-1527c7da\" data-id=\"1527c7da\" data-element_type=\"column\">\n\t\t\t<div class=\"elementor-widget-wrap elementor-element-populated\">\n\t\t\t\t\t\t<div class=\"elementor-element elementor-element-5848a2d7 elementor-drop-cap-yes elementor-drop-cap-view-default elementor-widget elementor-widget-text-editor\" data-id=\"5848a2d7\" data-element_type=\"widget\" data-settings=\"{&quot;drop_cap&quot;:&quot;yes&quot;}\" data-widget_type=\"text-editor.default\">\n\t\t\t\t<div class=\"elementor-widget-container\">\n\t\t\t\t\t\t\t\t\t<p data-start=\"1044\" data-end=\"1121\">El mundo submarino no es solo nuestro entorno: es donde contamos historias.<\/p><p data-start=\"1128\" data-end=\"1309\">Con m\u00e1s de veinte a\u00f1os de experiencia en algunos de los entornos subacu\u00e1ticos m\u00e1s exigentes \u2014como las excavaciones arqueol\u00f3gicas\u2014 hemos desarrollado una mirada \u00fanica bajo el agua.<\/p><p data-start=\"1316\" data-end=\"1498\">Esa experiencia se traduce en im\u00e1genes de alto nivel para cine, televisi\u00f3n y publicidad, combinando rigor t\u00e9cnico, sensibilidad visual y una profunda comprensi\u00f3n del medio submarino.<\/p><p><iframe title=\"Underwater Showreel Director of Photography Martin G.Damonte\" src=\"https:\/\/player.vimeo.com\/video\/133025530?h=3c56dfbf81&amp;dnt=1&amp;app_id=122963\" width=\"950\" height=\"534\" frameborder=\"0\" allow=\"autoplay; fullscreen; picture-in-picture\" allowfullscreen><\/iframe><\/p><p data-start=\"489\" data-end=\"611\">Ofrecemos soluciones integrales de producci\u00f3n subacu\u00e1tica para afrontar rodajes complejos con total seguridad y control.<\/p><p data-start=\"618\" data-end=\"783\">Uno de los pilares clave es el scouting subacu\u00e1tico: una fase imprescindible para anticipar condiciones, optimizar recursos y garantizar un rodaje sin imprevistos.<\/p><p data-start=\"790\" data-end=\"1159\">Nuestro profundo conocimiento de entornos como la Costa Brava, el r\u00edo Ter o el lago de Banyoles nos permite identificar localizaciones \u00f3ptimas con precisi\u00f3n. Y cuando trabajamos en nuevas zonas, realizamos un scouting t\u00e9cnico completo que incluye documentaci\u00f3n visual \u2014fotograf\u00eda y v\u00eddeo\u2014 para facilitar la planificaci\u00f3n del rodaje y la toma de decisiones del equipo.<\/p><p data-start=\"1166\" data-end=\"1231\">Porque bajo el agua, cada detalle cuenta antes de entrar a rodar.<\/p><p><iframe title=\"Exploring the Roman wreck of the Formigues Islands\" src=\"https:\/\/player.vimeo.com\/video\/345648746?h=93c02aad7a&amp;dnt=1&amp;app_id=122963\" width=\"950\" height=\"534\" frameborder=\"0\" allow=\"autoplay; fullscreen; picture-in-picture\" allowfullscreen><\/iframe><\/p>\t\t\t\t\t\t\t\t<\/div>\n\t\t\t\t<\/div>\n\t\t\t\t\t<\/div>\n\t\t<\/div>\n\t\t\t\t\t<\/div>\n\t\t<\/section>\n\t\t\t\t<section class=\"elementor-section elementor-top-section elementor-element elementor-element-043b30c elementor-section-boxed elementor-section-height-default elementor-section-height-default\" data-id=\"043b30c\" data-element_type=\"section\">\n\t\t\t\t\t\t<div class=\"elementor-container elementor-column-gap-default\">\n\t\t\t\t\t<div class=\"elementor-column elementor-col-100 elementor-top-column elementor-element elementor-element-ee33541\" data-id=\"ee33541\" data-element_type=\"column\">\n\t\t\t<div class=\"elementor-widget-wrap elementor-element-populated\">\n\t\t\t\t\t\t<div class=\"elementor-element elementor-element-468de45 elementor-widget elementor-widget-text-editor\" data-id=\"468de45\" data-element_type=\"widget\" data-widget_type=\"text-editor.default\">\n\t\t\t\t<div class=\"elementor-widget-container\">\n\t\t\t\t\t\t\t\t\t<p><strong>EQUIPOS PARA RODAJES SUBACU\u00c1TICOS<\/strong><\/p><p data-start=\"255\" data-end=\"421\">Trabajamos con sistemas de filmaci\u00f3n dise\u00f1ados para responder a las exigencias del entorno submarino, adapt\u00e1ndonos a distintos formatos y necesidades de producci\u00f3n.<\/p><p data-start=\"428\" data-end=\"705\">Disponemos de carcasas profesionales para c\u00e1maras full frame como Sony Alpha 7SIII, Sony Alpha 7RIV y Panasonic Lumix S5 \/ S5II X (6K Open Gate), as\u00ed como soluciones espec\u00edficas para rodaje en 360\u00ba, incluyendo sistemas de alta resoluci\u00f3n capaces de operar a gran profundidad.<\/p><p data-start=\"712\" data-end=\"978\">Completamos el set con equipos m\u00e1s ligeros para producciones \u00e1giles y un sistema de iluminaci\u00f3n subacu\u00e1tica de alta potencia, con focos LED de hasta 22.000 l\u00famenes, que nos permite trabajar con control total de la escena incluso en condiciones de baja visibilidad.<\/p>\t\t\t\t\t\t\t\t<\/div>\n\t\t\t\t<\/div>\n\t\t\t\t\t<\/div>\n\t\t<\/div>\n\t\t\t\t\t<\/div>\n\t\t<\/section>\n\t\t\t\t<section class=\"elementor-section elementor-top-section elementor-element elementor-element-e4ad0f5 elementor-section-boxed elementor-section-height-default elementor-section-height-default\" data-id=\"e4ad0f5\" data-element_type=\"section\">\n\t\t\t\t\t\t<div class=\"elementor-container elementor-column-gap-default\">\n\t\t\t\t\t<div class=\"elementor-column elementor-col-100 elementor-top-column elementor-element elementor-element-fd1f2db\" data-id=\"fd1f2db\" data-element_type=\"column\">\n\t\t\t<div class=\"elementor-widget-wrap elementor-element-populated\">\n\t\t\t\t\t\t<div class=\"elementor-element elementor-element-7db6a9f elementor-widget elementor-widget-image\" data-id=\"7db6a9f\" data-element_type=\"widget\" data-widget_type=\"image.default\">\n\t\t\t\t<div class=\"elementor-widget-container\">\n\t\t\t\t\t\t\t\t\t\t\t\t\t\t\t<img fetchpriority=\"high\" decoding=\"async\" width=\"950\" height=\"713\" src=\"https:\/\/www.inbluefilms.com\/wp-content\/uploads\/2023\/05\/Camara_Sub-1024x768.jpeg\" class=\"attachment-large size-large wp-image-417\" alt=\"\" srcset=\"https:\/\/www.inbluefilms.com\/wp-content\/uploads\/2023\/05\/Camara_Sub-1024x768.jpeg 1024w, https:\/\/www.inbluefilms.com\/wp-content\/uploads\/2023\/05\/Camara_Sub-300x225.jpeg 300w, https:\/\/www.inbluefilms.com\/wp-content\/uploads\/2023\/05\/Camara_Sub-768x576.jpeg 768w, https:\/\/www.inbluefilms.com\/wp-content\/uploads\/2023\/05\/Camara_Sub-1536x1152.jpeg 1536w, https:\/\/www.inbluefilms.com\/wp-content\/uploads\/2023\/05\/Camara_Sub-2048x1536.jpeg 2048w, https:\/\/www.inbluefilms.com\/wp-content\/uploads\/2023\/05\/Camara_Sub-2000x1500.jpeg 2000w, https:\/\/www.inbluefilms.com\/wp-content\/uploads\/2023\/05\/Camara_Sub-600x450.jpeg 600w\" sizes=\"100vw\" \/>\t\t\t\t\t\t\t\t\t\t\t\t\t\t\t<\/div>\n\t\t\t\t<\/div>\n\t\t\t\t\t<\/div>\n\t\t<\/div>\n\t\t\t\t\t<\/div>\n\t\t<\/section>\n\t\t\t\t<section class=\"elementor-section elementor-top-section elementor-element elementor-element-f95c835 elementor-section-boxed elementor-section-height-default elementor-section-height-default\" data-id=\"f95c835\" data-element_type=\"section\">\n\t\t\t\t\t\t<div class=\"elementor-container elementor-column-gap-default\">\n\t\t\t\t\t<div class=\"elementor-column elementor-col-100 elementor-top-column elementor-element elementor-element-219e68f\" data-id=\"219e68f\" data-element_type=\"column\">\n\t\t\t<div class=\"elementor-widget-wrap elementor-element-populated\">\n\t\t\t\t\t\t<div class=\"elementor-element elementor-element-6e7d852 elementor-widget elementor-widget-text-editor\" data-id=\"6e7d852\" data-element_type=\"widget\" data-widget_type=\"text-editor.default\">\n\t\t\t\t<div class=\"elementor-widget-container\">\n\t\t\t\t\t\t\t\t\t<p>\u00a0<\/p><p data-start=\"108\" data-end=\"271\">Debido a la complejidad t\u00e9cnica y a los est\u00e1ndares de seguridad que exige el rodaje subacu\u00e1tico, todo nuestro equipamiento se ofrece exclusivamente con operador.<\/p><p data-start=\"278\" data-end=\"478\">Cada proyecto cuenta con un director de fotograf\u00eda submarina especializado, garantizando no solo el uso \u00f3ptimo del equipo, sino tambi\u00e9n un resultado visual a la altura de las exigencias de producci\u00f3n.<\/p>\t\t\t\t\t\t\t\t<\/div>\n\t\t\t\t<\/div>\n\t\t\t\t\t<\/div>\n\t\t<\/div>\n\t\t\t\t\t<\/div>\n\t\t<\/section>\n\t\t\t\t<\/div>\n\t\t","protected":false},"excerpt":{"rendered":"<p>El mundo submarino no es solo nuestro entorno: es donde contamos historias. Con m\u00e1s de veinte a\u00f1os de experiencia en algunos de los entornos subacu\u00e1ticos m\u00e1s exigentes \u2014como las excavaciones arqueol\u00f3gicas\u2014 hemos desarrollado una mirada \u00fanica bajo el agua. Esa experiencia se traduce en im\u00e1genes de alto nivel para cine, televisi\u00f3n y publicidad, combinando rigor &hellip; <\/p>\n<p class=\"link-more\"><a href=\"https:\/\/www.inbluefilms.com\/?page_id=21\" class=\"more-link\">Leer m\u00e1s<span class=\"screen-reader-text\"> \u00abImagen Subacu\u00e1tica\u00bb<\/span><\/a><\/p>\n","protected":false},"author":1,"featured_media":411,"parent":0,"menu_order":0,"comment_status":"closed","ping_status":"closed","template":"","meta":{"footnotes":""},"class_list":["post-21","page","type-page","status-publish","has-post-thumbnail","hentry"],"featured_media_urls":{"thumbnail":["https:\/\/www.inbluefilms.com\/wp-content\/uploads\/2023\/05\/BTS_UW_Calella_01_web-150x150.png",150,150,true],"medium":["https:\/\/www.inbluefilms.com\/wp-content\/uploads\/2023\/05\/BTS_UW_Calella_01_web-300x169.png",300,169,true],"medium_large":["https:\/\/www.inbluefilms.com\/wp-content\/uploads\/2023\/05\/BTS_UW_Calella_01_web-768x432.png",768,432,true],"large":["https:\/\/www.inbluefilms.com\/wp-content\/uploads\/2023\/05\/BTS_UW_Calella_01_web-1024x576.png",950,534,true],"1536x1536":["https:\/\/www.inbluefilms.com\/wp-content\/uploads\/2023\/05\/BTS_UW_Calella_01_web-1536x864.png",1536,864,true],"2048x2048":["https:\/\/www.inbluefilms.com\/wp-content\/uploads\/2023\/05\/BTS_UW_Calella_01_web.png",1920,1080,false],"inspiro-featured-image":["https:\/\/www.inbluefilms.com\/wp-content\/uploads\/2023\/05\/BTS_UW_Calella_01_web.png",1920,1080,false],"inspiro-loop":["https:\/\/www.inbluefilms.com\/wp-content\/uploads\/2023\/05\/BTS_UW_Calella_01_web-950x320.png",950,320,true],"inspiro-loop@2x":["https:\/\/www.inbluefilms.com\/wp-content\/uploads\/2023\/05\/BTS_UW_Calella_01_web-1900x640.png",1900,640,true],"portfolio_item-thumbnail":["https:\/\/www.inbluefilms.com\/wp-content\/uploads\/2023\/05\/BTS_UW_Calella_01_web-600x400.png",600,400,true],"portfolio_item-thumbnail@2x":["https:\/\/www.inbluefilms.com\/wp-content\/uploads\/2023\/05\/BTS_UW_Calella_01_web.png",1200,675,false],"portfolio_item-masonry":["https:\/\/www.inbluefilms.com\/wp-content\/uploads\/2023\/05\/BTS_UW_Calella_01_web-600x338.png",600,338,true],"portfolio_item-masonry@2x":["https:\/\/www.inbluefilms.com\/wp-content\/uploads\/2023\/05\/BTS_UW_Calella_01_web.png",1200,675,false],"portfolio_item-thumbnail_cinema":["https:\/\/www.inbluefilms.com\/wp-content\/uploads\/2023\/05\/BTS_UW_Calella_01_web-800x335.png",800,335,true],"portfolio_item-thumbnail_portrait":["https:\/\/www.inbluefilms.com\/wp-content\/uploads\/2023\/05\/BTS_UW_Calella_01_web-600x900.png",600,900,true],"portfolio_item-thumbnail_portrait@2x":["https:\/\/www.inbluefilms.com\/wp-content\/uploads\/2023\/05\/BTS_UW_Calella_01_web.png",1200,675,false],"portfolio_item-thumbnail_square":["https:\/\/www.inbluefilms.com\/wp-content\/uploads\/2023\/05\/BTS_UW_Calella_01_web-800x800.png",800,800,true]},"_links":{"self":[{"href":"https:\/\/www.inbluefilms.com\/index.php?rest_route=\/wp\/v2\/pages\/21","targetHints":{"allow":["GET"]}}],"collection":[{"href":"https:\/\/www.inbluefilms.com\/index.php?rest_route=\/wp\/v2\/pages"}],"about":[{"href":"https:\/\/www.inbluefilms.com\/index.php?rest_route=\/wp\/v2\/types\/page"}],"author":[{"embeddable":true,"href":"https:\/\/www.inbluefilms.com\/index.php?rest_route=\/wp\/v2\/users\/1"}],"replies":[{"embeddable":true,"href":"https:\/\/www.inbluefilms.com\/index.php?rest_route=%2Fwp%2Fv2%2Fcomments&post=21"}],"version-history":[{"count":118,"href":"https:\/\/www.inbluefilms.com\/index.php?rest_route=\/wp\/v2\/pages\/21\/revisions"}],"predecessor-version":[{"id":484,"href":"https:\/\/www.inbluefilms.com\/index.php?rest_route=\/wp\/v2\/pages\/21\/revisions\/484"}],"wp:featuredmedia":[{"embeddable":true,"href":"https:\/\/www.inbluefilms.com\/index.php?rest_route=\/wp\/v2\/media\/411"}],"wp:attachment":[{"href":"https:\/\/www.inbluefilms.com\/index.php?rest_route=%2Fwp%2Fv2%2Fmedia&parent=21"}],"curies":[{"name":"wp","href":"https:\/\/api.w.org\/{rel}","templated":true}]}}